{"id":17,"date":"2016-02-12T08:09:36","date_gmt":"2016-02-12T08:09:36","guid":{"rendered":"http:\/\/demos.famethemes.com\/onepress\/?page_id=17"},"modified":"2023-02-20T20:17:22","modified_gmt":"2023-02-20T19:17:22","slug":"our-history","status":"publish","type":"page","link":"https:\/\/mexitt.de\/?page_id=17","title":{"rendered":"Unsere Geschichte"},"content":{"rendered":"<p>2013 gr\u00fcndeten wir mexiTT-Bodebnbel\u00e4ge im beschaulichen Tettnang am Bodensee. Die zahlreichen Projekte wickeln wir auch heute noch gem\u00e4\u00df unseres Grundsatzes ab, mit dem wir unsere Firma damals auch ins Leben riefen: &#8222;<strong>Am Ende braucht&#8217;s zufriedene Kunden!<\/strong>&#8222;<\/p>\n","protected":false},"excerpt":{"rendered":"<p>Nullam ut tempor eros. Donec faucibus, velit et imperdiet aliquam, lacus velit luctus urna, vitae porttitor orci libero id felis.<\/p>\n","protected":false},"author":2,"featured_media":1366,"parent":0,"menu_order":0,"comment_status":"closed","ping_status":"closed","template":"","meta":{"footnotes":""},"class_list":["post-17","page","type-page","status-publish","has-post-thumbnail","hentry"],"_links":{"self":[{"href":"https:\/\/mexitt.de\/index.php?rest_route=\/wp\/v2\/pages\/17"}],"collection":[{"href":"https:\/\/mexitt.de\/index.php?rest_route=\/wp\/v2\/pages"}],"about":[{"href":"https:\/\/mexitt.de\/index.php?rest_route=\/wp\/v2\/types\/page"}],"author":[{"embeddable":true,"href":"https:\/\/mexitt.de\/index.php?rest_route=\/wp\/v2\/users\/2"}],"replies":[{"embeddable":true,"href":"https:\/\/mexitt.de\/index.php?rest_route=%2Fwp%2Fv2%2Fcomments&post=17"}],"version-history":[{"count":1,"href":"https:\/\/mexitt.de\/index.php?rest_route=\/wp\/v2\/pages\/17\/revisions"}],"predecessor-version":[{"id":1494,"href":"https:\/\/mexitt.de\/index.php?rest_route=\/wp\/v2\/pages\/17\/revisions\/1494"}],"wp:featuredmedia":[{"embeddable":true,"href":"https:\/\/mexitt.de\/index.php?rest_route=\/wp\/v2\/media\/1366"}],"wp:attachment":[{"href":"https:\/\/mexitt.de\/index.php?rest_route=%2Fwp%2Fv2%2Fmedia&parent=17"}],"curies":[{"name":"wp","href":"https:\/\/api.w.org\/{rel}","templated":true}]}}